{"id":2,"date":"2015-12-09T03:33:20","date_gmt":"2015-12-09T03:33:20","guid":{"rendered":"http:\/\/wp44m.a10-52-158-154.qa.plesk.ru\/wordpress\/?page_id=2"},"modified":"2025-10-22T09:22:31","modified_gmt":"2025-10-22T08:22:31","slug":"sample-page","status":"publish","type":"page","link":"https:\/\/scheunen-oase.de\/","title":{"rendered":"Oase in der Scheune"},"content":{"rendered":"\n<h2 class=\"wp-block-heading is-style-vk-heading-default has-huge-font-size\"><strong>Oase in der Scheune<\/strong><\/h2>\n\n\n\n<h2 class=\"wp-block-heading has-medium-font-size\"><span class=\"has-inline-color has-vivid-red-color\"><\/span><\/h2>\n\n\n\n<p class=\"has-vivid-red-color has-text-color has-large-font-size\">Herzlich willkommen! Unsere Oase in der Scheune ist wieder offen f\u00fcr Ihre  Veranstaltungen und Feste. Kontaktieren Sie uns, wenn Sie unseren gro\u00dfen Scheunenraum nutzen m\u00f6chten. Auch die kleine Ferienwohnung f\u00fcr 1-2 Personen steht Ihnen f\u00fcr eine \u00dcbernachtung zur Verf\u00fcgung. <\/p>\n\n\n\n<p class=\"has-vivid-red-color has-text-color has-large-font-size\">Ihre Familie Thomas<\/p>\n\n\n\n<p><\/p>\n\n\n\n<p class=\"has-luminous-vivid-orange-color has-text-color has-medium-font-size\" style=\"line-height:1.5\"><\/p>\n\n\n\n<p class=\"has-luminous-vivid-orange-color has-text-color has-medium-font-size\" style=\"line-height:1.5\"><\/p>\n\n\n\n<h3 class=\"wp-block-heading\"><strong>Kr\u00e4uterp\u00e4dagogische Angebote mit Kr\u00e4uteromi Erika<\/strong><\/h3>\n\n\n\n<p>Erika Hebold gibt auch weiterhin in der Scheunen-Oase ihr kr\u00e4uterp\u00e4dagogisches Wissen weiter.<\/p>\n\n\n\n<p>Beachten Sie dazu die Hinweise unter <a href=\"http:\/\/scheunen-oase.de\/?page_id=890\"><em><strong>Scheunen-Oase &#8212; Kr\u00e4uteromi Erika<\/strong><\/em><\/a>.<\/p>\n","protected":false},"excerpt":{"rendered":"<p>Oase in der Scheune Herzlich willkommen! Unsere Oase in der Scheune ist wieder offen f\u00fcr Ihre Veranstaltungen und Feste. Kontaktieren Sie uns, wenn Sie unseren gro\u00dfen Scheunenraum nutzen m\u00f6chten. Auch die kleine Ferienwohnung f\u00fcr 1-2 Personen steht Ihnen f\u00fcr eine \u00dcbernachtung zur Verf\u00fcgung. Ihre Familie Thomas Kr\u00e4uterp\u00e4dagogische Angebote mit Kr\u00e4uteromi Erika Erika Hebold gibt auch [&hellip;]<\/p>\n","protected":false},"author":1,"featured_media":0,"parent":0,"menu_order":0,"comment_status":"closed","ping_status":"closed","template":"","meta":{"footnotes":""},"class_list":["post-2","page","type-page","status-publish","hentry"],"_links":{"self":[{"href":"https:\/\/scheunen-oase.de\/index.php?rest_route=\/wp\/v2\/pages\/2","targetHints":{"allow":["GET"]}}],"collection":[{"href":"https:\/\/scheunen-oase.de\/index.php?rest_route=\/wp\/v2\/pages"}],"about":[{"href":"https:\/\/scheunen-oase.de\/index.php?rest_route=\/wp\/v2\/types\/page"}],"author":[{"embeddable":true,"href":"https:\/\/scheunen-oase.de\/index.php?rest_route=\/wp\/v2\/users\/1"}],"replies":[{"embeddable":true,"href":"https:\/\/scheunen-oase.de\/index.php?rest_route=%2Fwp%2Fv2%2Fcomments&post=2"}],"version-history":[{"count":97,"href":"https:\/\/scheunen-oase.de\/index.php?rest_route=\/wp\/v2\/pages\/2\/revisions"}],"predecessor-version":[{"id":1787,"href":"https:\/\/scheunen-oase.de\/index.php?rest_route=\/wp\/v2\/pages\/2\/revisions\/1787"}],"wp:attachment":[{"href":"https:\/\/scheunen-oase.de\/index.php?rest_route=%2Fwp%2Fv2%2Fmedia&parent=2"}],"curies":[{"name":"wp","href":"https:\/\/api.w.org\/{rel}","templated":true}]}}