{"id":448,"date":"2016-01-08T20:13:02","date_gmt":"2016-01-08T19:13:02","guid":{"rendered":"http:\/\/scheunen-oase.de\/?page_id=448"},"modified":"2026-03-19T14:42:09","modified_gmt":"2026-03-19T13:42:09","slug":"unsere-termine-und-veranstaltungen","status":"publish","type":"page","link":"https:\/\/scheunen-oase.de\/?page_id=448","title":{"rendered":"Unsere Termine und Veranstaltungen"},"content":{"rendered":"<div style=\"background-color: #fff; border: medium solid; border-color: #1e73be; text-align: center;\"><strong>\u00a0 \u00a0 \u00a0 \u00a0 \u00a0 \u00a0 \u00a0 \u00a0 Frauenfr\u00fchst\u00fcck<\/strong>\u00a0 \u00a0 \u00a0 \u00a0 \u00a0 \u00a0 \u00a0 \u00a0 \u00a0 \u00a0 \u00a0 \u00a0 \u00a0 \u00a0 \u00a0 \u00a0 \u00a0<strong>\u00a0 \u00a0 07.04; 06.05.; 03.06.\u00a0 \u00a0 \u00a0 \u00a0 \u00a0 \u00a0<\/strong> 8:30 Uhr\u00a0 \u00a0Fr\u00fchst\u00fcck + Referat zum H\u00f6ren und Austauschen \u00a0 \u00a0\u00a0\u00a0\u00a0\u00a0 <span class=\"fontstyle0\"><strong>\u00a0<\/strong><\/span>\u00a0\u00a0\u00a0\u00a0\u00a0\u00a0\u00a0\u00a0 \u00a0 \u00a0 \u00a0<\/div>\n<div style=\"background-color: #ffffff; border: medium solid #1e73be; text-align: center;\"><strong>\u00a0 \u00a0 \u00a0 \u00a0 \u00a0 \u00a0 \u00a0 \u00a0&#8222;Oase im Alltag &#8220;\u00a0 \u00a0 \u00a0 \u00a0 \u00a0 \u00a0 \u00a0 \u00a0 \u00a0 \u00a0 \u00a0 \u00a0 \u00a0 \u00a0 22.04.; 27.05.; 24.06.\u00a0 \u00a0 \u00a0 \u00a0 \u00a0 \u00a0 \u00a0 \u00a0 \u00a0<\/strong>19:30 Uhr\u00a0 christliche Stunde am Abend \u2013 reden \u00fcber Gott und die Welt \u2013 einfach vorbeikommen<\/div>\n<div style=\"background-color: #ffffff; border: solid #1e73be; text-align: center;\"><strong>Kaffee, Kuchen, Kontakt\u00a0 \u00a0 \u00a0 \u00a0 \u00a0 \u00a0 \u00a0 \u00a0 \u00a0 \u00a0 \u00a0 \u00a0 19.03.\u00a0 \u00a0 \u00a0 \u00a0 \u00a0 14:30 Uhr\u00a0 \u00a0 \u00a0 \u00a0 \u00a0 \u00a0 \u00a0 \u00a0 \u00a0 \u00a0<\/strong>Thema: Sorbische Ostereier\u00a0 \u00a0 \u00a0 \u00a0 \u00a0 \u00a0 \u00a0 \u00a0 \u00a0 von Technik, Tradition und Talent\u00a0<strong>bitte anmelden<\/strong><\/div>\n<div style=\"background-color: #ffffff; border: medium solid #1e73be; text-align: center;\">\n<p><strong>\u00a0 \u00a0 \u00a0 \u00a0 \u00a0<\/strong><\/p>\n<\/div>\n<div style=\"background-color: #ffffff; border: medium solid #1e73be; text-align: center;\">\n<p><strong>\u00a0 \u00a0 \u00a0 \u00a0 \u00a0 \u00a0 Pflanzentauschb\u00f6rse\u00a0 \u00a0 \u00a0 \u00a0 \u00a0 \u00a0 \u00a0 \u00a0 \u00a0 \u00a0 \u00a0 \u00a0 \u00a0 \u00a0 \u00a0 \u00a0 \u00a0 \u00a0 \u00a0 \u00a0 \u00a0 09.05.\u00a0 \u00a0 \u00a0 \u00a0 \u00a0 \u00a0 \u00a0 \u00a0 \u00a0 \u00a0 \u00a0 \u00a0 \u00a0 \u00a0 \u00a0 \u00a0 \u00a0 \u00a0 \u00a0 \u00a0 \u00a0 \u00a0 \u00a009:00 &#8211; 12:00<\/strong>\u00a0Uhr\u00a0 \u00a0 \u00a0 \u00a0 \u00a0 \u00a0 \u00a0 \u00a0 \u00a0 \u00a0 die Gartensaison lockt: tauschen und kaufen, neue Sorten entdecken und fachsimpeln, einfach vorbeikommen\u00a0 \u00a0\u00a0<\/p>\n<\/div>\n<div style=\"background-color: #ffffff; border: solid #1e73be; text-align: center;\">\n<p><strong>\u00a0 \u00a0 \u00a0 \u00a0 \u00a0 \u00a0\u00a0<\/strong><\/p>\n<\/div>\n<div style=\"background-color: #ffffff; border: medium solid #1e73be; text-align: center;\">\n<p>\u00a0 \u00a0 \u00a0 \u00a0 \u00a0 \u00a0 \u00a0 <strong>\u00a0Spielenachmittag\u00a0 \u00a0 \u00a0 \u00a0 \u00a0 \u00a0 \u00a0 \u00a0 \u00a0 \u00a0 \u00a0 \u00a0 \u00a0 \u00a0 \u00a0 \u00a0 \u00a0 \u00a0 00.04.; 00.05.\u00a0 \u00a0 \u00a0 \u00a0 \u00a0 \u00a0 \u00a0 \u00a0 \u00a0 \u00a0 \u00a0 \u00a0 17:00 Uhr\u00a0 \u00a0<\/strong>Skat, Romm\u00e9, &#8230; oder bring Dein Spiel mit! Kleiner Imbiss und Getr\u00e4nke, einfach vorbeikommen<\/p>\n<\/div>\n<div>\u00a0<\/div>\n<div>\u00a0\u00a0\u00a0\u00a0\u00a0\u00a0\u00a0\u00a0 \u00a0<\/div>\n<div>\u00a0<\/div>\n<div>\u00a0<\/div>\n<div>\u00a0<\/div>\n<div>\u00a0<\/div>\n<div>\u00a0<\/div>\n<div>\u00a0<\/div>\n<div>\u00a0<\/div>\n<div>\u00a0<\/div>\n<div>\u00a0<\/div>\n<div>\u00a0<\/div>\n<div>\u00a0<\/div>\n<div>\u00a0<\/div>\n<div>\u00a0<\/div>\n<div>\n<div>\u00a0\u00a0\u00a0\u00a0\u00a0\u00a0\u00a0\u00a0 \u00a0 \u00a0<\/div>\n<div>\u00a0<\/div>\n<div>\u00a0<\/div>\n<div>\u00a0<\/div>\n<\/div>\n<div>\u00a0<\/div>\n\n\n<p><\/p>\n\n\n\n<p><\/p>\n\n\n\n<p><\/p>\n\n\n\n<p><\/p>\n","protected":false},"excerpt":{"rendered":"<p>\u00a0 \u00a0 \u00a0 \u00a0 \u00a0 \u00a0 \u00a0 \u00a0 Frauenfr\u00fchst\u00fcck\u00a0 \u00a0 \u00a0 \u00a0 \u00a0 \u00a0 \u00a0 \u00a0 \u00a0 \u00a0 \u00a0 \u00a0 \u00a0 \u00a0 \u00a0 \u00a0 \u00a0\u00a0 \u00a0 07.04; 06.05.; 03.06.\u00a0 \u00a0 \u00a0 \u00a0 \u00a0 \u00a0 8:30 Uhr\u00a0 \u00a0Fr\u00fchst\u00fcck + Referat zum H\u00f6ren und Austauschen \u00a0 \u00a0\u00a0\u00a0\u00a0\u00a0 \u00a0\u00a0\u00a0\u00a0\u00a0\u00a0\u00a0\u00a0\u00a0 \u00a0 \u00a0 \u00a0 \u00a0 \u00a0 \u00a0 \u00a0 \u00a0 \u00a0 [&hellip;]<\/p>\n","protected":false},"author":1,"featured_media":0,"parent":2,"menu_order":0,"comment_status":"closed","ping_status":"closed","template":"","meta":{"footnotes":""},"class_list":["post-448","page","type-page","status-publish","hentry"],"_links":{"self":[{"href":"https:\/\/scheunen-oase.de\/index.php?rest_route=\/wp\/v2\/pages\/448","targetHints":{"allow":["GET"]}}],"collection":[{"href":"https:\/\/scheunen-oase.de\/index.php?rest_route=\/wp\/v2\/pages"}],"about":[{"href":"https:\/\/scheunen-oase.de\/index.php?rest_route=\/wp\/v2\/types\/page"}],"author":[{"embeddable":true,"href":"https:\/\/scheunen-oase.de\/index.php?rest_route=\/wp\/v2\/users\/1"}],"replies":[{"embeddable":true,"href":"https:\/\/scheunen-oase.de\/index.php?rest_route=%2Fwp%2Fv2%2Fcomments&post=448"}],"version-history":[{"count":1208,"href":"https:\/\/scheunen-oase.de\/index.php?rest_route=\/wp\/v2\/pages\/448\/revisions"}],"predecessor-version":[{"id":2380,"href":"https:\/\/scheunen-oase.de\/index.php?rest_route=\/wp\/v2\/pages\/448\/revisions\/2380"}],"up":[{"embeddable":true,"href":"https:\/\/scheunen-oase.de\/index.php?rest_route=\/wp\/v2\/pages\/2"}],"wp:attachment":[{"href":"https:\/\/scheunen-oase.de\/index.php?rest_route=%2Fwp%2Fv2%2Fmedia&parent=448"}],"curies":[{"name":"wp","href":"https:\/\/api.w.org\/{rel}","templated":true}]}}