{"id":72,"date":"2015-12-19T13:10:38","date_gmt":"2015-12-19T13:10:38","guid":{"rendered":"http:\/\/scheunen-oase.de\/?page_id=72"},"modified":"2023-12-04T11:23:30","modified_gmt":"2023-12-04T10:23:30","slug":"impressum","status":"publish","type":"page","link":"https:\/\/scheunen-oase.de\/?page_id=72","title":{"rendered":"Impressum"},"content":{"rendered":"<div id=\"imContent\">\n<div><strong>Angaben gem\u00e4\u00df \u00a7 5 TMG:<\/strong><\/div>\n<div id=\"imContent\">\n<div id=\"imCell_1\" class=\"imGrid[0, 1]\">\n<div id=\"imCellStyle_1\">\n<div id=\"imTextObject_1_tab0\" class=\"text-tab-content\">\n<div class=\"text-inner\">\n<p><span class=\"ff1 cf3 fs18\"> Erika Hebold<br \/>\nJahnstr. 3<br \/>\n02708 L\u00f6bau<br \/>\n<\/span><\/p>\n<p>Inhaltlich verantwortlich &amp; Inhaber:Olaf Thomas<\/p>\n<p><em>Kontakt Cunewalde:<\/em><br \/>\nScheunen-Oase Cunewalde<br \/>\nHauptstr. 254<br \/>\n02733 Cunewalde<\/p>\n<p>Telefon Cunewalde: 035877 \/ 120022<br \/>\nE-<wbr \/>Mail: info@scheunen-<wbr \/>oase.de<\/p>\n<p><em>Kontakt L\u00f6bau:<\/em><br \/>\nFerienwohung Hebold<br \/>\nErika Hebold<br \/>\nJahnstr. 3<br \/>\n02708 L\u00f6bau<\/p>\n<p>Telefon L\u00f6bau:\u00a003585 \/ 832884<br \/>\nE-<wbr \/>Mail: info@loebau-<wbr \/>ferienwohnung.de<\/p>\n<p>Mobil: 0160 \/ 2231197<br \/>\nTelefax: 032222 \/ 497322<\/p>\n<p>Umsatzsteuer-<wbr \/>Identifikationsnummer gem\u00e4\u00df \u00a727a USt<br \/>\nDE271780504<\/p>\n<p>Website Creator:<br \/>\nMarkus\u00a0Schuster<br \/>\nHauptstra\u00dfe 38<br \/>\n02733 Cunewalde<\/p>\n<p>F\u00fcr den Inhalt der externen Links \u00fcbernehmen wir keine Verantwortung. Verantwortlich daf\u00fcr sind die jeweiligen Seiteninhaber\/Betreiber.<\/p>\n<\/div>\n<\/div>\n<\/div>\n<\/div>\n<\/div>\n<\/div>\n","protected":false},"excerpt":{"rendered":"<p>Angaben gem\u00e4\u00df \u00a7 5 TMG: Erika Hebold Jahnstr. 3 02708 L\u00f6bau Inhaltlich verantwortlich &amp; Inhaber:Olaf Thomas Kontakt Cunewalde: Scheunen-Oase Cunewalde Hauptstr. 254 02733 Cunewalde Telefon Cunewalde: 035877 \/ 120022 E-Mail: info@scheunen-oase.de Kontakt L\u00f6bau: Ferienwohung Hebold Erika Hebold Jahnstr. 3 02708 L\u00f6bau Telefon L\u00f6bau:\u00a003585 \/ 832884 E-Mail: info@loebau-ferienwohnung.de Mobil: 0160 \/ 2231197 Telefax: 032222 \/ 497322 [&hellip;]<\/p>\n","protected":false},"author":1,"featured_media":0,"parent":0,"menu_order":0,"comment_status":"closed","ping_status":"closed","template":"","meta":{"footnotes":""},"class_list":["post-72","page","type-page","status-publish","hentry"],"_links":{"self":[{"href":"https:\/\/scheunen-oase.de\/index.php?rest_route=\/wp\/v2\/pages\/72","targetHints":{"allow":["GET"]}}],"collection":[{"href":"https:\/\/scheunen-oase.de\/index.php?rest_route=\/wp\/v2\/pages"}],"about":[{"href":"https:\/\/scheunen-oase.de\/index.php?rest_route=\/wp\/v2\/types\/page"}],"author":[{"embeddable":true,"href":"https:\/\/scheunen-oase.de\/index.php?rest_route=\/wp\/v2\/users\/1"}],"replies":[{"embeddable":true,"href":"https:\/\/scheunen-oase.de\/index.php?rest_route=%2Fwp%2Fv2%2Fcomments&post=72"}],"version-history":[{"count":6,"href":"https:\/\/scheunen-oase.de\/index.php?rest_route=\/wp\/v2\/pages\/72\/revisions"}],"predecessor-version":[{"id":1789,"href":"https:\/\/scheunen-oase.de\/index.php?rest_route=\/wp\/v2\/pages\/72\/revisions\/1789"}],"wp:attachment":[{"href":"https:\/\/scheunen-oase.de\/index.php?rest_route=%2Fwp%2Fv2%2Fmedia&parent=72"}],"curies":[{"name":"wp","href":"https:\/\/api.w.org\/{rel}","templated":true}]}}