{"id":890,"date":"2018-12-12T22:42:48","date_gmt":"2018-12-12T21:42:48","guid":{"rendered":"http:\/\/scheunen-oase.de\/?page_id=890"},"modified":"2026-02-06T17:17:47","modified_gmt":"2026-02-06T16:17:47","slug":"kraeuteromi-erika","status":"publish","type":"page","link":"https:\/\/scheunen-oase.de\/?page_id=890","title":{"rendered":"Kr\u00e4uteromi Erika"},"content":{"rendered":"\n<p>Ich bin seit dem 27.05.2018 zertifizierte Kr\u00e4uterp\u00e4dagogin &#8211; BNE (Bildung nachhaltiger Entwicklung). Die Ausbildung erfolgte durch die Gundermann Akademie. Ich lade Sie gerne zu einer meiner Kr\u00e4uterf\u00fchrungen oder einem Baumspaziergang ein. Hier erfahren Sie meine Angebote.<\/p>\n\n\n\n<h2 class=\"wp-block-heading\" id=\"unterwegs-mit-krauteromi-erika\"><strong><em>Unterwegs<\/em><\/strong><em> <strong>mit Kr\u00e4uteromi Erika<\/strong> <\/em><\/h2>\n\n\n\n<h3 class=\"wp-block-heading\" id=\"wildkrauter-delikatessen-am-wegesrand\"><strong>Wildkr\u00e4uter &#8211;<\/strong><br><strong>\u201eDelikatessen am Wegesrand\u201c<\/strong><\/h3>\n\n\n\n<p>Meine Angebote f\u00fcr ca. 15 Teilnehmer:<\/p>\n\n\n\n<h3 class=\"wp-block-heading\" id=\"bunter-buttermilchzopf-und-schuttelbutter\"><strong>Wildkr\u00e4uterf\u00fchrung mit Herstellung eines bunten Buttermilchzopfes <\/strong><\/h3>\n\n\n\n<p>mit Brotbacken, Kr\u00e4uterf\u00fchrung gemeinsamer Herstellung von Kr\u00e4utersalz, Kr\u00e4uterbutter und Salat. Je nach Jahreszeit, gibt es unterschiedliche Getr\u00e4nke (Kr\u00e4utertee, S\u00e4fte wie Waldmeister, Holunder&#8230;). Dauer ca. 2 &#8211; 3 Stunden<\/p>\n\n\n\n<p><em>Preis f\u00fcr F\u00fchrung mit Verkostung: pro Person: 30,00 \u20ac, Kinder 15,00 \u20ac.<\/em><\/p>\n\n\n\n<figure class=\"wp-block-image\"><img loading=\"lazy\" decoding=\"async\" width=\"829\" height=\"590\" src=\"http:\/\/scheunen-oase.de\/wp-content\/uploads\/2018\/12\/1.jpg\" alt=\"\" class=\"wp-image-896\" srcset=\"https:\/\/scheunen-oase.de\/wp-content\/uploads\/2018\/12\/1.jpg 829w, https:\/\/scheunen-oase.de\/wp-content\/uploads\/2018\/12\/1-300x214.jpg 300w, https:\/\/scheunen-oase.de\/wp-content\/uploads\/2018\/12\/1-768x547.jpg 768w\" sizes=\"auto, (max-width: 829px) 100vw, 829px\" \/><\/figure>\n\n\n\n<h3 class=\"wp-block-heading\" id=\"gundermann-oder-lowenzahn-ganseblumchentorte\"><strong>Gundermann- oder&nbsp;<\/strong><br><strong>L\u00f6wenzahn\/G\u00e4nsebl\u00fcmchentorte<\/strong><\/h3>\n\n\n\n<p>Wir machen eine Wildkr\u00e4uterf\u00fchrung und lernen unterschiedliche Kr\u00e4uter kennen. Anschlie\u00dfend fertigen wir gemeinsam eine Torte, die mit schokolierten Gundermann Bl\u00e4ttern oder mit L\u00f6wenzahn Bl\u00e4ttern und G\u00e4nsebl\u00fcmchen dekoriert wird. Auf dem Tisch stehen Kr\u00e4utern als Dekoration. Dazu gibt es Kaffee oder Tee.&nbsp; <\/p>\n\n\n\n<p><em>Preis f\u00fcr F\u00fchrung mit Verkostung: pro Person: 20,00 \u20ac<\/em><\/p>\n\n\n\n<figure class=\"wp-block-image\"><img loading=\"lazy\" decoding=\"async\" width=\"879\" height=\"750\" src=\"http:\/\/scheunen-oase.de\/wp-content\/uploads\/2018\/12\/2.jpg\" alt=\"\" class=\"wp-image-897\" srcset=\"https:\/\/scheunen-oase.de\/wp-content\/uploads\/2018\/12\/2.jpg 879w, https:\/\/scheunen-oase.de\/wp-content\/uploads\/2018\/12\/2-300x256.jpg 300w, https:\/\/scheunen-oase.de\/wp-content\/uploads\/2018\/12\/2-768x655.jpg 768w\" sizes=\"auto, (max-width: 879px) 100vw, 879px\" \/><\/figure>\n\n\n\n<h3 class=\"wp-block-heading\" id=\"baumspaziergang-und-geschichte-polenzpark\"><strong>Baumspaziergang und Geschichte Polenzpark<\/strong><\/h3>\n\n\n\n<p>Ich lade Sie ein zu einem Spaziergang durch den Polenzpark. Sie lernen die unterschiedlichsten Baumarten und auch die besonderen B\u00e4ume (Ulme, Tulpenbaum, Graupappel und Douglasie) kennen. Ich erz\u00e4hle Ihnen alles Wissenswerte zum Rittergut Obercunewalde sowie zum ehemaligen Schloss und den Schlossherren von Polenz.&nbsp;<br>Im Anschluss gibt es in der Scheunen-Oase Kaffee und selbstgebackenen Kuchen.<\/p>\n\n\n\n<p><em>Preis f\u00fcr F\u00fchrung mit Kaffeetrinken:&nbsp; 20,00 \u20ac<\/em><\/p>\n\n\n\n<p><\/p>\n\n\n\n<p><strong>Die Termine f\u00fcr die F\u00fchrungen finden Sie auf der Startseite. Gerne k\u00f6nnen Sie auch weitere Termine mit mir absprechen.<\/strong><\/p>\n\n\n\n<p><strong>Kontakt: Mobil 0160 2231197<\/strong><\/p>\n\n\n\n<p><\/p>\n","protected":false},"excerpt":{"rendered":"<p>Ich bin seit dem 27.05.2018 zertifizierte Kr\u00e4uterp\u00e4dagogin &#8211; BNE (Bildung nachhaltiger Entwicklung). Die Ausbildung erfolgte durch die Gundermann Akademie. Ich lade Sie gerne zu einer meiner Kr\u00e4uterf\u00fchrungen oder einem Baumspaziergang ein. Hier erfahren Sie meine Angebote. Unterwegs mit Kr\u00e4uteromi Erika Wildkr\u00e4uter &#8211;\u201eDelikatessen am Wegesrand\u201c Meine Angebote f\u00fcr ca. 15 Teilnehmer: Wildkr\u00e4uterf\u00fchrung mit Herstellung eines bunten [&hellip;]<\/p>\n","protected":false},"author":1,"featured_media":0,"parent":2,"menu_order":0,"comment_status":"closed","ping_status":"closed","template":"","meta":{"footnotes":""},"class_list":["post-890","page","type-page","status-publish","hentry"],"_links":{"self":[{"href":"https:\/\/scheunen-oase.de\/index.php?rest_route=\/wp\/v2\/pages\/890","targetHints":{"allow":["GET"]}}],"collection":[{"href":"https:\/\/scheunen-oase.de\/index.php?rest_route=\/wp\/v2\/pages"}],"about":[{"href":"https:\/\/scheunen-oase.de\/index.php?rest_route=\/wp\/v2\/types\/page"}],"author":[{"embeddable":true,"href":"https:\/\/scheunen-oase.de\/index.php?rest_route=\/wp\/v2\/users\/1"}],"replies":[{"embeddable":true,"href":"https:\/\/scheunen-oase.de\/index.php?rest_route=%2Fwp%2Fv2%2Fcomments&post=890"}],"version-history":[{"count":12,"href":"https:\/\/scheunen-oase.de\/index.php?rest_route=\/wp\/v2\/pages\/890\/revisions"}],"predecessor-version":[{"id":2362,"href":"https:\/\/scheunen-oase.de\/index.php?rest_route=\/wp\/v2\/pages\/890\/revisions\/2362"}],"up":[{"embeddable":true,"href":"https:\/\/scheunen-oase.de\/index.php?rest_route=\/wp\/v2\/pages\/2"}],"wp:attachment":[{"href":"https:\/\/scheunen-oase.de\/index.php?rest_route=%2Fwp%2Fv2%2Fmedia&parent=890"}],"curies":[{"name":"wp","href":"https:\/\/api.w.org\/{rel}","templated":true}]}}